{"id":30,"date":"2022-04-05T11:26:57","date_gmt":"2022-04-05T11:26:57","guid":{"rendered":"https:\/\/lhb-immobilien.ch\/?page_id=30"},"modified":"2026-02-24T18:42:02","modified_gmt":"2026-02-24T18:42:02","slug":"firma","status":"publish","type":"page","link":"https:\/\/lhb-immobilien.ch\/index.php\/firma\/","title":{"rendered":"Firma"},"content":{"rendered":"\t\t<div data-elementor-type=\"wp-page\" data-elementor-id=\"30\" class=\"elementor elementor-30\">\n\t\t\t\t\t\t<section class=\"elementor-section elementor-top-section elementor-element elementor-element-d9017e8 elementor-section-stretched elementor-section-boxed elementor-section-height-default elementor-section-height-default\" data-id=\"d9017e8\" data-element_type=\"section\" data-e-type=\"section\" data-settings=\"{&quot;stretch_section&quot;:&quot;section-stretched&quot;,&quot;background_background&quot;:&quot;gradient&quot;}\">\n\t\t\t\t\t\t<div class=\"elementor-container elementor-column-gap-default\">\n\t\t\t\t\t<div class=\"elementor-column elementor-col-50 elementor-top-column elementor-element elementor-element-4d4df98\" data-id=\"4d4df98\" data-element_type=\"column\" data-e-type=\"column\">\n\t\t\t<div class=\"elementor-widget-wrap elementor-element-populated\">\n\t\t\t\t\t\t<div class=\"elementor-element elementor-element-2dc8c0e elementor-widget elementor-widget-image\" data-id=\"2dc8c0e\" data-element_type=\"widget\" data-e-type=\"widget\" data-widget_type=\"image.default\">\n\t\t\t\t<div class=\"elementor-widget-container\">\n\t\t\t\t\t\t\t\t\t\t\t\t\t\t\t<img fetchpriority=\"high\" decoding=\"async\" width=\"559\" height=\"525\" src=\"https:\/\/lhb-immobilien.ch\/wp-content\/uploads\/2026\/02\/balazs2.png\" class=\"attachment-large size-large wp-image-1127\" alt=\"\" srcset=\"https:\/\/lhb-immobilien.ch\/wp-content\/uploads\/2026\/02\/balazs2.png 559w, https:\/\/lhb-immobilien.ch\/wp-content\/uploads\/2026\/02\/balazs2-300x282.png 300w\" sizes=\"(max-width: 559px) 100vw, 559px\" \/>\t\t\t\t\t\t\t\t\t\t\t\t\t\t\t<\/div>\n\t\t\t\t<\/div>\n\t\t\t\t\t<\/div>\n\t\t<\/div>\n\t\t\t\t<div class=\"elementor-column elementor-col-50 elementor-top-column elementor-element elementor-element-98cee0d\" data-id=\"98cee0d\" data-element_type=\"column\" data-e-type=\"column\">\n\t\t\t<div class=\"elementor-widget-wrap elementor-element-populated\">\n\t\t\t\t\t\t<div class=\"elementor-element elementor-element-b60e242 elementor-widget elementor-widget-text-editor\" data-id=\"b60e242\" data-element_type=\"widget\" data-e-type=\"widget\" data-widget_type=\"text-editor.default\">\n\t\t\t\t<div class=\"elementor-widget-container\">\n\t\t\t\t\t\t\t\t\t<p>LHB Immobilien<\/p>\t\t\t\t\t\t\t\t<\/div>\n\t\t\t\t<\/div>\n\t\t\t\t<div class=\"elementor-element elementor-element-a92709b elementor-widget elementor-widget-text-editor\" data-id=\"a92709b\" data-element_type=\"widget\" data-e-type=\"widget\" data-widget_type=\"text-editor.default\">\n\t\t\t\t<div class=\"elementor-widget-container\">\n\t\t\t\t\t\t\t\t\t<p>\u00dcber uns<\/p>\t\t\t\t\t\t\t\t<\/div>\n\t\t\t\t<\/div>\n\t\t\t\t<div class=\"elementor-element elementor-element-4c31329 elementor-widget elementor-widget-text-editor\" data-id=\"4c31329\" data-element_type=\"widget\" data-e-type=\"widget\" data-widget_type=\"text-editor.default\">\n\t\t\t\t<div class=\"elementor-widget-container\">\n\t\t\t\t\t\t\t\t\t<p>Im Jahr 2022 wurde die LHB Immobilien Petrusch als selbstst\u00e4ndiges und unabh\u00e4ngiges Einzelunternehmen gegr\u00fcndet. Wir sind regional stark verankert und mit unserem Firmensitz in Birsfelden sowie mit einem B\u00fcro in Pratteln lokal pr\u00e4sent.<\/p>\n<p>Unsere oberste Priorit\u00e4t ist, die Bed\u00fcrfnisse der Kunden zu erkennen und einen transparenten und vertrauten Umgang zu schaffen. Davon profitieren alle \u2013 denn gemeinsam ziehen wir an einem Strang f\u00fcr Ihren Erfolgskurs!<\/p>\t\t\t\t\t\t\t\t<\/div>\n\t\t\t\t<\/div>\n\t\t\t\t\t<\/div>\n\t\t<\/div>\n\t\t\t\t\t<\/div>\n\t\t<\/section>\n\t\t\t\t<section class=\"elementor-section elementor-top-section elementor-element elementor-element-bb7277b elementor-section-boxed elementor-section-height-default elementor-section-height-default\" data-id=\"bb7277b\" data-element_type=\"section\" data-e-type=\"section\">\n\t\t\t\t\t\t<div class=\"elementor-container elementor-column-gap-default\">\n\t\t\t\t\t<div class=\"elementor-column elementor-col-50 elementor-top-column elementor-element elementor-element-28e6ce0\" data-id=\"28e6ce0\" data-element_type=\"column\" data-e-type=\"column\">\n\t\t\t<div class=\"elementor-widget-wrap elementor-element-populated\">\n\t\t\t\t\t\t<div class=\"elementor-element elementor-element-90a4dbe elementor-widget elementor-widget-text-editor\" data-id=\"90a4dbe\" data-element_type=\"widget\" data-e-type=\"widget\" data-widget_type=\"text-editor.default\">\n\t\t\t\t<div class=\"elementor-widget-container\">\n\t\t\t\t\t\t\t\t\t<p>Grundst\u00fccke entdecken und beschaffen, die Bebauung entwickeln und durchf\u00fchren lassen sowie den Verkauf erfolgreich abwickeln: Dies ist seit dem Jahr 2017 das Kerngesch\u00e4ft des Inhabers und Gesch\u00e4ftsf\u00fchrers Balazs Petrusch. <\/p>\t\t\t\t\t\t\t\t<\/div>\n\t\t\t\t<\/div>\n\t\t\t\t\t<\/div>\n\t\t<\/div>\n\t\t\t\t<div class=\"elementor-column elementor-col-50 elementor-top-column elementor-element elementor-element-670f8e0\" data-id=\"670f8e0\" data-element_type=\"column\" data-e-type=\"column\">\n\t\t\t<div class=\"elementor-widget-wrap elementor-element-populated\">\n\t\t\t\t\t\t<div class=\"elementor-element elementor-element-a18d619 elementor-widget elementor-widget-image\" data-id=\"a18d619\" data-element_type=\"widget\" data-e-type=\"widget\" data-widget_type=\"image.default\">\n\t\t\t\t<div class=\"elementor-widget-container\">\n\t\t\t\t\t\t\t\t\t\t\t\t\t\t\t<img decoding=\"async\" width=\"500\" height=\"132\" src=\"https:\/\/lhb-immobilien.ch\/wp-content\/uploads\/2026\/02\/logo-2026.png\" class=\"elementor-animation-shrink attachment-large size-large wp-image-972\" alt=\"\" srcset=\"https:\/\/lhb-immobilien.ch\/wp-content\/uploads\/2026\/02\/logo-2026.png 500w, https:\/\/lhb-immobilien.ch\/wp-content\/uploads\/2026\/02\/logo-2026-300x79.png 300w\" sizes=\"(max-width: 500px) 100vw, 500px\" \/>\t\t\t\t\t\t\t\t\t\t\t\t\t\t\t<\/div>\n\t\t\t\t<\/div>\n\t\t\t\t\t<\/div>\n\t\t<\/div>\n\t\t\t\t\t<\/div>\n\t\t<\/section>\n\t\t\t\t<section class=\"elementor-section elementor-top-section elementor-element elementor-element-4bff187 elementor-section-stretched elementor-section-boxed elementor-section-height-default elementor-section-height-default\" data-id=\"4bff187\" data-element_type=\"section\" data-e-type=\"section\" data-settings=\"{&quot;stretch_section&quot;:&quot;section-stretched&quot;,&quot;background_background&quot;:&quot;classic&quot;}\">\n\t\t\t\t\t\t<div class=\"elementor-container elementor-column-gap-default\">\n\t\t\t\t\t<div class=\"elementor-column elementor-col-100 elementor-top-column elementor-element elementor-element-8a70e12\" data-id=\"8a70e12\" data-element_type=\"column\" data-e-type=\"column\">\n\t\t\t<div class=\"elementor-widget-wrap elementor-element-populated\">\n\t\t\t\t\t\t<div class=\"elementor-element elementor-element-1afacfd elementor-widget elementor-widget-text-editor\" data-id=\"1afacfd\" data-element_type=\"widget\" data-e-type=\"widget\" data-widget_type=\"text-editor.default\">\n\t\t\t\t<div class=\"elementor-widget-container\">\n\t\t\t\t\t\t\t\t\t<p>Warum LHB Immobilien Petrusch? <\/p>\t\t\t\t\t\t\t\t<\/div>\n\t\t\t\t<\/div>\n\t\t\t\t<section class=\"elementor-section elementor-inner-section elementor-element elementor-element-e168a81 elementor-section-boxed elementor-section-height-default elementor-section-height-default\" data-id=\"e168a81\" data-element_type=\"section\" data-e-type=\"section\">\n\t\t\t\t\t\t<div class=\"elementor-container elementor-column-gap-default\">\n\t\t\t\t\t<div class=\"elementor-column elementor-col-50 elementor-inner-column elementor-element elementor-element-dc71743\" data-id=\"dc71743\" data-element_type=\"column\" data-e-type=\"column\">\n\t\t\t<div class=\"elementor-widget-wrap elementor-element-populated\">\n\t\t\t\t\t\t<div class=\"elementor-element elementor-element-334b03b elementor-widget elementor-widget-text-editor\" data-id=\"334b03b\" data-element_type=\"widget\" data-e-type=\"widget\" data-widget_type=\"text-editor.default\">\n\t\t\t\t<div class=\"elementor-widget-container\">\n\t\t\t\t\t\t\t\t\t<p><strong>Engagiert und professionell<\/strong><\/p><p>Durch unsere langj\u00e4hrige und vielseitige berufliche Erfahrung und kompetenten Partnern k\u00f6nnen wir Ihnen Topqualit\u00e4t anbieten.<\/p><p><strong><br \/>Rundum sorglos<\/strong><\/p><p>Wir bieten Ihnen ein rundum sorglos Paket voller Transparenz \u00fcber Grundst\u00fccks- und Baumaterialbeschaffung, Projektentwicklung \u00fcber Baueingabe und Bauleitung bis zum Verkauf.<\/p><p><strong>Netzwerk<\/strong><\/p><p>Profitieren Sie von unseren qualifizierten und langj\u00e4hrigen Kontakten. Ob Beschaffung und Ver\u00e4usserung von Bauland und Baumaterialien, Architektur und Bauleitung bis hin zum Komplettpaket f\u00fcr Investoren \u2013 das bieten wir aus einer Hand.<\/p>\t\t\t\t\t\t\t\t<\/div>\n\t\t\t\t<\/div>\n\t\t\t\t\t<\/div>\n\t\t<\/div>\n\t\t\t\t<div class=\"elementor-column elementor-col-50 elementor-inner-column elementor-element elementor-element-72ac177\" data-id=\"72ac177\" data-element_type=\"column\" data-e-type=\"column\">\n\t\t\t<div class=\"elementor-widget-wrap\">\n\t\t\t\t\t\t\t<\/div>\n\t\t<\/div>\n\t\t\t\t\t<\/div>\n\t\t<\/section>\n\t\t\t\t\t<\/div>\n\t\t<\/div>\n\t\t\t\t\t<\/div>\n\t\t<\/section>\n\t\t\t\t<\/div>\n\t\t","protected":false},"excerpt":{"rendered":"<p>LHB Immobilien \u00dcber uns Im Jahr 2022 wurde die LHB Immobilien Petrusch als selbstst\u00e4ndiges und unabh\u00e4ngiges Einzelunternehmen gegr\u00fcndet. Wir sind regional stark verankert und mit unserem Firmensitz in Birsfelden sowie mit einem B\u00fcro in Pratteln lokal pr\u00e4sent. Unsere oberste Priorit\u00e4t ist, die Bed\u00fcrfnisse der Kunden zu erkennen und einen transparenten und vertrauten Umgang zu schaffen.<span class=\"post-excerpt-end\">&hellip;<\/span><\/p>\n<p class=\"more-link\"><a href=\"https:\/\/lhb-immobilien.ch\/index.php\/firma\/\" class=\"themebutton\">Read More<\/a><\/p>\n","protected":false},"author":1,"featured_media":0,"parent":0,"menu_order":1,"comment_status":"closed","ping_status":"closed","template":"","meta":{"footnotes":""},"class_list":["post-30","page","type-page","status-publish","hentry"],"yoast_head":"<!-- This site is optimized with the Yoast SEO plugin v27.5 - https:\/\/yoast.com\/product\/yoast-seo-wordpress\/ -->\n<title>Firma -<\/title>\n<meta name=\"robots\" content=\"index, follow, max-snippet:-1, max-image-preview:large, max-video-preview:-1\" \/>\n<link rel=\"canonical\" href=\"https:\/\/lhb-immobilien.ch\/index.php\/firma\/\" \/>\n<meta property=\"og:locale\" content=\"de_DE\" \/>\n<meta property=\"og:type\" content=\"article\" \/>\n<meta property=\"og:title\" content=\"Firma -\" \/>\n<meta property=\"og:description\" content=\"LHB Immobilien \u00dcber uns Im Jahr 2022 wurde die LHB Immobilien Petrusch als selbstst\u00e4ndiges und unabh\u00e4ngiges Einzelunternehmen gegr\u00fcndet. Wir sind regional stark verankert und mit unserem Firmensitz in Birsfelden sowie mit einem B\u00fcro in Pratteln lokal pr\u00e4sent. Unsere oberste Priorit\u00e4t ist, die Bed\u00fcrfnisse der Kunden zu erkennen und einen transparenten und vertrauten Umgang zu schaffen.&hellip;Read More\" \/>\n<meta property=\"og:url\" content=\"https:\/\/lhb-immobilien.ch\/index.php\/firma\/\" \/>\n<meta property=\"article:modified_time\" content=\"2026-02-24T18:42:02+00:00\" \/>\n<meta property=\"og:image\" content=\"https:\/\/lhb-immobilien.ch\/wp-content\/uploads\/2026\/02\/balazs2.png\" \/>\n<meta name=\"twitter:card\" content=\"summary_large_image\" \/>\n<meta name=\"twitter:label1\" content=\"Gesch\u00e4tzte Lesezeit\" \/>\n\t<meta name=\"twitter:data1\" content=\"2\u00a0Minuten\" \/>\n<script type=\"application\/ld+json\" class=\"yoast-schema-graph\">{\"@context\":\"https:\\\/\\\/schema.org\",\"@graph\":[{\"@type\":\"WebPage\",\"@id\":\"https:\\\/\\\/lhb-immobilien.ch\\\/index.php\\\/firma\\\/\",\"url\":\"https:\\\/\\\/lhb-immobilien.ch\\\/index.php\\\/firma\\\/\",\"name\":\"Firma -\",\"isPartOf\":{\"@id\":\"https:\\\/\\\/lhb-immobilien.ch\\\/#website\"},\"primaryImageOfPage\":{\"@id\":\"https:\\\/\\\/lhb-immobilien.ch\\\/index.php\\\/firma\\\/#primaryimage\"},\"image\":{\"@id\":\"https:\\\/\\\/lhb-immobilien.ch\\\/index.php\\\/firma\\\/#primaryimage\"},\"thumbnailUrl\":\"https:\\\/\\\/lhb-immobilien.ch\\\/wp-content\\\/uploads\\\/2026\\\/02\\\/balazs2.png\",\"datePublished\":\"2022-04-05T11:26:57+00:00\",\"dateModified\":\"2026-02-24T18:42:02+00:00\",\"breadcrumb\":{\"@id\":\"https:\\\/\\\/lhb-immobilien.ch\\\/index.php\\\/firma\\\/#breadcrumb\"},\"inLanguage\":\"de-CH\",\"potentialAction\":[{\"@type\":\"ReadAction\",\"target\":[\"https:\\\/\\\/lhb-immobilien.ch\\\/index.php\\\/firma\\\/\"]}]},{\"@type\":\"ImageObject\",\"inLanguage\":\"de-CH\",\"@id\":\"https:\\\/\\\/lhb-immobilien.ch\\\/index.php\\\/firma\\\/#primaryimage\",\"url\":\"https:\\\/\\\/lhb-immobilien.ch\\\/wp-content\\\/uploads\\\/2026\\\/02\\\/balazs2.png\",\"contentUrl\":\"https:\\\/\\\/lhb-immobilien.ch\\\/wp-content\\\/uploads\\\/2026\\\/02\\\/balazs2.png\",\"width\":559,\"height\":525},{\"@type\":\"BreadcrumbList\",\"@id\":\"https:\\\/\\\/lhb-immobilien.ch\\\/index.php\\\/firma\\\/#breadcrumb\",\"itemListElement\":[{\"@type\":\"ListItem\",\"position\":1,\"name\":\"Home\",\"item\":\"https:\\\/\\\/lhb-immobilien.ch\\\/\"},{\"@type\":\"ListItem\",\"position\":2,\"name\":\"Firma\"}]},{\"@type\":\"WebSite\",\"@id\":\"https:\\\/\\\/lhb-immobilien.ch\\\/#website\",\"url\":\"https:\\\/\\\/lhb-immobilien.ch\\\/\",\"name\":\"\",\"description\":\"\",\"potentialAction\":[{\"@type\":\"SearchAction\",\"target\":{\"@type\":\"EntryPoint\",\"urlTemplate\":\"https:\\\/\\\/lhb-immobilien.ch\\\/?s={search_term_string}\"},\"query-input\":{\"@type\":\"PropertyValueSpecification\",\"valueRequired\":true,\"valueName\":\"search_term_string\"}}],\"inLanguage\":\"de-CH\"}]}<\/script>\n<!-- \/ Yoast SEO plugin. -->","yoast_head_json":{"title":"Firma -","robots":{"index":"index","follow":"follow","max-snippet":"max-snippet:-1","max-image-preview":"max-image-preview:large","max-video-preview":"max-video-preview:-1"},"canonical":"https:\/\/lhb-immobilien.ch\/index.php\/firma\/","og_locale":"de_DE","og_type":"article","og_title":"Firma -","og_description":"LHB Immobilien \u00dcber uns Im Jahr 2022 wurde die LHB Immobilien Petrusch als selbstst\u00e4ndiges und unabh\u00e4ngiges Einzelunternehmen gegr\u00fcndet. Wir sind regional stark verankert und mit unserem Firmensitz in Birsfelden sowie mit einem B\u00fcro in Pratteln lokal pr\u00e4sent. Unsere oberste Priorit\u00e4t ist, die Bed\u00fcrfnisse der Kunden zu erkennen und einen transparenten und vertrauten Umgang zu schaffen.&hellip;Read More","og_url":"https:\/\/lhb-immobilien.ch\/index.php\/firma\/","article_modified_time":"2026-02-24T18:42:02+00:00","og_image":[{"url":"https:\/\/lhb-immobilien.ch\/wp-content\/uploads\/2026\/02\/balazs2.png","type":"","width":"","height":""}],"twitter_card":"summary_large_image","twitter_misc":{"Gesch\u00e4tzte Lesezeit":"2\u00a0Minuten"},"schema":{"@context":"https:\/\/schema.org","@graph":[{"@type":"WebPage","@id":"https:\/\/lhb-immobilien.ch\/index.php\/firma\/","url":"https:\/\/lhb-immobilien.ch\/index.php\/firma\/","name":"Firma -","isPartOf":{"@id":"https:\/\/lhb-immobilien.ch\/#website"},"primaryImageOfPage":{"@id":"https:\/\/lhb-immobilien.ch\/index.php\/firma\/#primaryimage"},"image":{"@id":"https:\/\/lhb-immobilien.ch\/index.php\/firma\/#primaryimage"},"thumbnailUrl":"https:\/\/lhb-immobilien.ch\/wp-content\/uploads\/2026\/02\/balazs2.png","datePublished":"2022-04-05T11:26:57+00:00","dateModified":"2026-02-24T18:42:02+00:00","breadcrumb":{"@id":"https:\/\/lhb-immobilien.ch\/index.php\/firma\/#breadcrumb"},"inLanguage":"de-CH","potentialAction":[{"@type":"ReadAction","target":["https:\/\/lhb-immobilien.ch\/index.php\/firma\/"]}]},{"@type":"ImageObject","inLanguage":"de-CH","@id":"https:\/\/lhb-immobilien.ch\/index.php\/firma\/#primaryimage","url":"https:\/\/lhb-immobilien.ch\/wp-content\/uploads\/2026\/02\/balazs2.png","contentUrl":"https:\/\/lhb-immobilien.ch\/wp-content\/uploads\/2026\/02\/balazs2.png","width":559,"height":525},{"@type":"BreadcrumbList","@id":"https:\/\/lhb-immobilien.ch\/index.php\/firma\/#breadcrumb","itemListElement":[{"@type":"ListItem","position":1,"name":"Home","item":"https:\/\/lhb-immobilien.ch\/"},{"@type":"ListItem","position":2,"name":"Firma"}]},{"@type":"WebSite","@id":"https:\/\/lhb-immobilien.ch\/#website","url":"https:\/\/lhb-immobilien.ch\/","name":"","description":"","potentialAction":[{"@type":"SearchAction","target":{"@type":"EntryPoint","urlTemplate":"https:\/\/lhb-immobilien.ch\/?s={search_term_string}"},"query-input":{"@type":"PropertyValueSpecification","valueRequired":true,"valueName":"search_term_string"}}],"inLanguage":"de-CH"}]}},"_links":{"self":[{"href":"https:\/\/lhb-immobilien.ch\/index.php\/wp-json\/wp\/v2\/pages\/30","targetHints":{"allow":["GET"]}}],"collection":[{"href":"https:\/\/lhb-immobilien.ch\/index.php\/wp-json\/wp\/v2\/pages"}],"about":[{"href":"https:\/\/lhb-immobilien.ch\/index.php\/wp-json\/wp\/v2\/types\/page"}],"author":[{"embeddable":true,"href":"https:\/\/lhb-immobilien.ch\/index.php\/wp-json\/wp\/v2\/users\/1"}],"replies":[{"embeddable":true,"href":"https:\/\/lhb-immobilien.ch\/index.php\/wp-json\/wp\/v2\/comments?post=30"}],"version-history":[{"count":31,"href":"https:\/\/lhb-immobilien.ch\/index.php\/wp-json\/wp\/v2\/pages\/30\/revisions"}],"predecessor-version":[{"id":1130,"href":"https:\/\/lhb-immobilien.ch\/index.php\/wp-json\/wp\/v2\/pages\/30\/revisions\/1130"}],"wp:attachment":[{"href":"https:\/\/lhb-immobilien.ch\/index.php\/wp-json\/wp\/v2\/media?parent=30"}],"curies":[{"name":"wp","href":"https:\/\/api.w.org\/{rel}","templated":true}]}}