{"id":47,"date":"2022-04-05T12:02:35","date_gmt":"2022-04-05T12:02:35","guid":{"rendered":"https:\/\/lhb-immobilien.ch\/?page_id=47"},"modified":"2026-03-09T08:35:14","modified_gmt":"2026-03-09T08:35:14","slug":"aktuelles","status":"publish","type":"page","link":"https:\/\/lhb-immobilien.ch\/index.php\/aktuelles\/","title":{"rendered":"Aktuelles"},"content":{"rendered":"\t\t<div data-elementor-type=\"wp-page\" data-elementor-id=\"47\" class=\"elementor elementor-47\">\n\t\t\t\t\t\t<section class=\"elementor-section elementor-top-section elementor-element elementor-element-0108d61 elementor-section-stretched elementor-section-boxed elementor-section-height-default elementor-section-height-default\" data-id=\"0108d61\" data-element_type=\"section\" data-e-type=\"section\" data-settings=\"{&quot;stretch_section&quot;:&quot;section-stretched&quot;,&quot;background_background&quot;:&quot;classic&quot;}\">\n\t\t\t\t\t\t<div class=\"elementor-container elementor-column-gap-default\">\n\t\t\t\t\t<div class=\"elementor-column elementor-col-50 elementor-top-column elementor-element elementor-element-2ad27f5\" data-id=\"2ad27f5\" data-element_type=\"column\" data-e-type=\"column\">\n\t\t\t<div class=\"elementor-widget-wrap elementor-element-populated\">\n\t\t\t\t\t\t<div class=\"elementor-element elementor-element-ff1b7ad elementor-widget elementor-widget-image\" data-id=\"ff1b7ad\" data-element_type=\"widget\" data-e-type=\"widget\" data-widget_type=\"image.default\">\n\t\t\t\t<div class=\"elementor-widget-container\">\n\t\t\t\t\t\t\t\t\t\t\t\t\t\t\t\t<a href=\"https:\/\/www.immoscout24.ch\/kaufen\/4002203772\" target=\"_blank\">\n\t\t\t\t\t\t\t<img fetchpriority=\"high\" decoding=\"async\" width=\"923\" height=\"513\" src=\"https:\/\/lhb-immobilien.ch\/wp-content\/uploads\/2025\/05\/Screen-Shot-2025-05-17-at-07.06.53.jpg\" class=\"elementor-animation-shrink attachment-large size-large wp-image-904\" alt=\"\" srcset=\"https:\/\/lhb-immobilien.ch\/wp-content\/uploads\/2025\/05\/Screen-Shot-2025-05-17-at-07.06.53.jpg 923w, https:\/\/lhb-immobilien.ch\/wp-content\/uploads\/2025\/05\/Screen-Shot-2025-05-17-at-07.06.53-300x167.jpg 300w, https:\/\/lhb-immobilien.ch\/wp-content\/uploads\/2025\/05\/Screen-Shot-2025-05-17-at-07.06.53-768x427.jpg 768w\" sizes=\"(max-width: 923px) 100vw, 923px\" \/>\t\t\t\t\t\t\t\t<\/a>\n\t\t\t\t\t\t\t\t\t\t\t\t\t\t\t<\/div>\n\t\t\t\t<\/div>\n\t\t\t\t<div class=\"elementor-element elementor-element-be121e0 elementor-widget elementor-widget-text-editor\" data-id=\"be121e0\" data-element_type=\"widget\" data-e-type=\"widget\" data-widget_type=\"text-editor.default\">\n\t\t\t\t<div class=\"elementor-widget-container\">\n\t\t\t\t\t\t\t\t\t<p>*Reserviert* <br \/>In Kooperation mit Hausconcept AG: Verkauf 2 Doppeleinfamilienh\u00e4user in Zeglingen BL<\/p>\t\t\t\t\t\t\t\t<\/div>\n\t\t\t\t<\/div>\n\t\t\t\t\t<\/div>\n\t\t<\/div>\n\t\t\t\t<div class=\"elementor-column elementor-col-50 elementor-top-column elementor-element elementor-element-e1e967e\" data-id=\"e1e967e\" data-element_type=\"column\" data-e-type=\"column\">\n\t\t\t<div class=\"elementor-widget-wrap elementor-element-populated\">\n\t\t\t\t\t\t<div class=\"elementor-element elementor-element-c3e570b elementor-widget elementor-widget-image\" data-id=\"c3e570b\" data-element_type=\"widget\" data-e-type=\"widget\" data-widget_type=\"image.default\">\n\t\t\t\t<div class=\"elementor-widget-container\">\n\t\t\t\t\t\t\t\t\t\t\t\t\t\t\t\t<a href=\"https:\/\/www.immoscout24.ch\/kaufen\/4002915394\" target=\"_blank\">\n\t\t\t\t\t\t\t<img decoding=\"async\" width=\"1024\" height=\"480\" src=\"https:\/\/lhb-immobilien.ch\/wp-content\/uploads\/2026\/02\/Niederdorf-Referenz-Atmoshaus-1024x480.png\" class=\"elementor-animation-shrink attachment-large size-large wp-image-957\" alt=\"\" srcset=\"https:\/\/lhb-immobilien.ch\/wp-content\/uploads\/2026\/02\/Niederdorf-Referenz-Atmoshaus-1024x480.png 1024w, https:\/\/lhb-immobilien.ch\/wp-content\/uploads\/2026\/02\/Niederdorf-Referenz-Atmoshaus-300x141.png 300w, https:\/\/lhb-immobilien.ch\/wp-content\/uploads\/2026\/02\/Niederdorf-Referenz-Atmoshaus-768x360.png 768w, https:\/\/lhb-immobilien.ch\/wp-content\/uploads\/2026\/02\/Niederdorf-Referenz-Atmoshaus-1536x720.png 1536w, https:\/\/lhb-immobilien.ch\/wp-content\/uploads\/2026\/02\/Niederdorf-Referenz-Atmoshaus-2048x961.png 2048w\" sizes=\"(max-width: 1024px) 100vw, 1024px\" \/>\t\t\t\t\t\t\t\t<\/a>\n\t\t\t\t\t\t\t\t\t\t\t\t\t\t\t<\/div>\n\t\t\t\t<\/div>\n\t\t\t\t<div class=\"elementor-element elementor-element-3b184c4 elementor-widget elementor-widget-text-editor\" data-id=\"3b184c4\" data-element_type=\"widget\" data-e-type=\"widget\" data-widget_type=\"text-editor.default\">\n\t\t\t\t<div class=\"elementor-widget-container\">\n\t\t\t\t\t\t\t\t\t<p>In Kooperation mit Atmoshaus AG: Verkauf Einfamilienhaus in Niederdorf BL<\/p>\t\t\t\t\t\t\t\t<\/div>\n\t\t\t\t<\/div>\n\t\t\t\t\t<\/div>\n\t\t<\/div>\n\t\t\t\t\t<\/div>\n\t\t<\/section>\n\t\t\t\t<section class=\"elementor-section elementor-top-section elementor-element elementor-element-f8193b8 elementor-section-stretched elementor-section-boxed elementor-section-height-default elementor-section-height-default\" data-id=\"f8193b8\" data-element_type=\"section\" data-e-type=\"section\" data-settings=\"{&quot;stretch_section&quot;:&quot;section-stretched&quot;,&quot;background_background&quot;:&quot;classic&quot;}\">\n\t\t\t\t\t\t<div class=\"elementor-container elementor-column-gap-default\">\n\t\t\t\t\t<div class=\"elementor-column elementor-col-50 elementor-top-column elementor-element elementor-element-ea07a67\" data-id=\"ea07a67\" data-element_type=\"column\" data-e-type=\"column\">\n\t\t\t<div class=\"elementor-widget-wrap elementor-element-populated\">\n\t\t\t\t\t\t<div class=\"elementor-element elementor-element-105de81 elementor-hidden-desktop elementor-hidden-tablet elementor-hidden-mobile elementor-widget elementor-widget-image\" data-id=\"105de81\" data-element_type=\"widget\" data-e-type=\"widget\" data-widget_type=\"image.default\">\n\t\t\t\t<div class=\"elementor-widget-container\">\n\t\t\t\t\t\t\t\t\t\t\t\t\t\t\t\t<a href=\"https:\/\/www.immoscout24.ch\/kaufen\/4002251257\" target=\"_blank\">\n\t\t\t\t\t\t\t<img decoding=\"async\" width=\"1024\" height=\"683\" src=\"https:\/\/lhb-immobilien.ch\/wp-content\/uploads\/2025\/01\/Atmoshaus-Uffikon-Homepage-Foto-1024x683.jpg\" class=\"elementor-animation-shrink attachment-large size-large wp-image-862\" alt=\"\" srcset=\"https:\/\/lhb-immobilien.ch\/wp-content\/uploads\/2025\/01\/Atmoshaus-Uffikon-Homepage-Foto-1024x683.jpg 1024w, https:\/\/lhb-immobilien.ch\/wp-content\/uploads\/2025\/01\/Atmoshaus-Uffikon-Homepage-Foto-300x200.jpg 300w, https:\/\/lhb-immobilien.ch\/wp-content\/uploads\/2025\/01\/Atmoshaus-Uffikon-Homepage-Foto-768x512.jpg 768w, https:\/\/lhb-immobilien.ch\/wp-content\/uploads\/2025\/01\/Atmoshaus-Uffikon-Homepage-Foto-1536x1025.jpg 1536w, https:\/\/lhb-immobilien.ch\/wp-content\/uploads\/2025\/01\/Atmoshaus-Uffikon-Homepage-Foto-570x380.jpg 570w, https:\/\/lhb-immobilien.ch\/wp-content\/uploads\/2025\/01\/Atmoshaus-Uffikon-Homepage-Foto-380x254.jpg 380w, https:\/\/lhb-immobilien.ch\/wp-content\/uploads\/2025\/01\/Atmoshaus-Uffikon-Homepage-Foto-285x190.jpg 285w, https:\/\/lhb-immobilien.ch\/wp-content\/uploads\/2025\/01\/Atmoshaus-Uffikon-Homepage-Foto.jpg 2000w\" sizes=\"(max-width: 1024px) 100vw, 1024px\" \/>\t\t\t\t\t\t\t\t<\/a>\n\t\t\t\t\t\t\t\t\t\t\t\t\t\t\t<\/div>\n\t\t\t\t<\/div>\n\t\t\t\t<div class=\"elementor-element elementor-element-383a5e5 elementor-hidden-desktop elementor-hidden-tablet elementor-hidden-mobile elementor-widget elementor-widget-text-editor\" data-id=\"383a5e5\" data-element_type=\"widget\" data-e-type=\"widget\" data-widget_type=\"text-editor.default\">\n\t\t\t\t<div class=\"elementor-widget-container\">\n\t\t\t\t\t\t\t\t\t<p>In Kooperation mit Atmoshaus AG: Verkauf\u00a0 Einfamilienh\u00e4user in Dagmersellen-Uffikon LU<\/p>\t\t\t\t\t\t\t\t<\/div>\n\t\t\t\t<\/div>\n\t\t\t\t\t<\/div>\n\t\t<\/div>\n\t\t\t\t<div class=\"elementor-column elementor-col-50 elementor-top-column elementor-element elementor-element-59e2186\" data-id=\"59e2186\" data-element_type=\"column\" data-e-type=\"column\">\n\t\t\t<div class=\"elementor-widget-wrap elementor-element-populated\">\n\t\t\t\t\t\t<div class=\"elementor-element elementor-element-82f492d elementor-widget elementor-widget-image\" data-id=\"82f492d\" data-element_type=\"widget\" data-e-type=\"widget\" data-widget_type=\"image.default\">\n\t\t\t\t<div class=\"elementor-widget-container\">\n\t\t\t\t\t\t\t\t\t\t\t\t\t\t\t\t<a href=\"https:\/\/www.immoscout24.ch\/kaufen\/3003336354\" target=\"_blank\">\n\t\t\t\t\t\t\t<img loading=\"lazy\" decoding=\"async\" width=\"1024\" height=\"661\" src=\"https:\/\/lhb-immobilien.ch\/wp-content\/uploads\/2026\/02\/Bildschirmfoto-2026-02-10-um-15.41.59-1024x661.png\" class=\"elementor-animation-shrink attachment-large size-large wp-image-968\" alt=\"\" srcset=\"https:\/\/lhb-immobilien.ch\/wp-content\/uploads\/2026\/02\/Bildschirmfoto-2026-02-10-um-15.41.59-1024x661.png 1024w, https:\/\/lhb-immobilien.ch\/wp-content\/uploads\/2026\/02\/Bildschirmfoto-2026-02-10-um-15.41.59-300x194.png 300w, https:\/\/lhb-immobilien.ch\/wp-content\/uploads\/2026\/02\/Bildschirmfoto-2026-02-10-um-15.41.59-768x495.png 768w, https:\/\/lhb-immobilien.ch\/wp-content\/uploads\/2026\/02\/Bildschirmfoto-2026-02-10-um-15.41.59.png 1206w\" sizes=\"(max-width: 1024px) 100vw, 1024px\" \/>\t\t\t\t\t\t\t\t<\/a>\n\t\t\t\t\t\t\t\t\t\t\t\t\t\t\t<\/div>\n\t\t\t\t<\/div>\n\t\t\t\t<div class=\"elementor-element elementor-element-60f0f18 elementor-widget elementor-widget-text-editor\" data-id=\"60f0f18\" data-element_type=\"widget\" data-e-type=\"widget\" data-widget_type=\"text-editor.default\">\n\t\t\t\t<div class=\"elementor-widget-container\">\n\t\t\t\t\t\t\t\t\t<p>In K\u00fcrze: <br>Einfamilienh\u00e4user in Lupsingen BL<\/p>\t\t\t\t\t\t\t\t<\/div>\n\t\t\t\t<\/div>\n\t\t\t\t\t<\/div>\n\t\t<\/div>\n\t\t\t\t\t<\/div>\n\t\t<\/section>\n\t\t\t\t<\/div>\n\t\t","protected":false},"excerpt":{"rendered":"<p>*Reserviert* In Kooperation mit Hausconcept AG: Verkauf 2 Doppeleinfamilienh\u00e4user in Zeglingen BL In Kooperation mit Atmoshaus AG: Verkauf Einfamilienhaus in Niederdorf BL In Kooperation mit Atmoshaus AG: Verkauf\u00a0 Einfamilienh\u00e4user in Dagmersellen-Uffikon LU In K\u00fcrze: Einfamilienh\u00e4user in Lupsingen BL<\/p>\n","protected":false},"author":1,"featured_media":0,"parent":0,"menu_order":6,"comment_status":"closed","ping_status":"closed","template":"","meta":{"footnotes":""},"class_list":["post-47","page","type-page","status-publish","hentry"],"yoast_head":"<!-- This site is optimized with the Yoast SEO plugin v27.4 - https:\/\/yoast.com\/product\/yoast-seo-wordpress\/ -->\n<title>Aktuelles -<\/title>\n<meta name=\"robots\" content=\"index, follow, max-snippet:-1, max-image-preview:large, max-video-preview:-1\" \/>\n<link rel=\"canonical\" href=\"https:\/\/lhb-immobilien.ch\/index.php\/aktuelles\/\" \/>\n<meta property=\"og:locale\" content=\"de_DE\" \/>\n<meta property=\"og:type\" content=\"article\" \/>\n<meta property=\"og:title\" content=\"Aktuelles -\" \/>\n<meta property=\"og:description\" content=\"*Reserviert* In Kooperation mit Hausconcept AG: Verkauf 2 Doppeleinfamilienh\u00e4user in Zeglingen BL In Kooperation mit Atmoshaus AG: Verkauf Einfamilienhaus in Niederdorf BL In Kooperation mit Atmoshaus AG: Verkauf\u00a0 Einfamilienh\u00e4user in Dagmersellen-Uffikon LU In K\u00fcrze: Einfamilienh\u00e4user in Lupsingen BL\" \/>\n<meta property=\"og:url\" content=\"https:\/\/lhb-immobilien.ch\/index.php\/aktuelles\/\" \/>\n<meta property=\"article:modified_time\" content=\"2026-03-09T08:35:14+00:00\" \/>\n<meta property=\"og:image\" content=\"https:\/\/lhb-immobilien.ch\/wp-content\/uploads\/2025\/05\/Screen-Shot-2025-05-17-at-07.06.53.jpg\" \/>\n\t<meta property=\"og:image:width\" content=\"923\" \/>\n\t<meta property=\"og:image:height\" content=\"513\" \/>\n\t<meta property=\"og:image:type\" content=\"image\/jpeg\" \/>\n<meta name=\"twitter:card\" content=\"summary_large_image\" \/>\n<meta name=\"twitter:label1\" content=\"Gesch\u00e4tzte Lesezeit\" \/>\n\t<meta name=\"twitter:data1\" content=\"2\u00a0Minuten\" \/>\n<script type=\"application\/ld+json\" class=\"yoast-schema-graph\">{\"@context\":\"https:\\\/\\\/schema.org\",\"@graph\":[{\"@type\":\"WebPage\",\"@id\":\"https:\\\/\\\/lhb-immobilien.ch\\\/index.php\\\/aktuelles\\\/\",\"url\":\"https:\\\/\\\/lhb-immobilien.ch\\\/index.php\\\/aktuelles\\\/\",\"name\":\"Aktuelles -\",\"isPartOf\":{\"@id\":\"https:\\\/\\\/lhb-immobilien.ch\\\/#website\"},\"primaryImageOfPage\":{\"@id\":\"https:\\\/\\\/lhb-immobilien.ch\\\/index.php\\\/aktuelles\\\/#primaryimage\"},\"image\":{\"@id\":\"https:\\\/\\\/lhb-immobilien.ch\\\/index.php\\\/aktuelles\\\/#primaryimage\"},\"thumbnailUrl\":\"https:\\\/\\\/lhb-immobilien.ch\\\/wp-content\\\/uploads\\\/2025\\\/05\\\/Screen-Shot-2025-05-17-at-07.06.53.jpg\",\"datePublished\":\"2022-04-05T12:02:35+00:00\",\"dateModified\":\"2026-03-09T08:35:14+00:00\",\"breadcrumb\":{\"@id\":\"https:\\\/\\\/lhb-immobilien.ch\\\/index.php\\\/aktuelles\\\/#breadcrumb\"},\"inLanguage\":\"de-CH\",\"potentialAction\":[{\"@type\":\"ReadAction\",\"target\":[\"https:\\\/\\\/lhb-immobilien.ch\\\/index.php\\\/aktuelles\\\/\"]}]},{\"@type\":\"ImageObject\",\"inLanguage\":\"de-CH\",\"@id\":\"https:\\\/\\\/lhb-immobilien.ch\\\/index.php\\\/aktuelles\\\/#primaryimage\",\"url\":\"https:\\\/\\\/lhb-immobilien.ch\\\/wp-content\\\/uploads\\\/2025\\\/05\\\/Screen-Shot-2025-05-17-at-07.06.53.jpg\",\"contentUrl\":\"https:\\\/\\\/lhb-immobilien.ch\\\/wp-content\\\/uploads\\\/2025\\\/05\\\/Screen-Shot-2025-05-17-at-07.06.53.jpg\",\"width\":923,\"height\":513},{\"@type\":\"BreadcrumbList\",\"@id\":\"https:\\\/\\\/lhb-immobilien.ch\\\/index.php\\\/aktuelles\\\/#breadcrumb\",\"itemListElement\":[{\"@type\":\"ListItem\",\"position\":1,\"name\":\"Home\",\"item\":\"https:\\\/\\\/lhb-immobilien.ch\\\/\"},{\"@type\":\"ListItem\",\"position\":2,\"name\":\"Aktuelles\"}]},{\"@type\":\"WebSite\",\"@id\":\"https:\\\/\\\/lhb-immobilien.ch\\\/#website\",\"url\":\"https:\\\/\\\/lhb-immobilien.ch\\\/\",\"name\":\"\",\"description\":\"\",\"potentialAction\":[{\"@type\":\"SearchAction\",\"target\":{\"@type\":\"EntryPoint\",\"urlTemplate\":\"https:\\\/\\\/lhb-immobilien.ch\\\/?s={search_term_string}\"},\"query-input\":{\"@type\":\"PropertyValueSpecification\",\"valueRequired\":true,\"valueName\":\"search_term_string\"}}],\"inLanguage\":\"de-CH\"}]}<\/script>\n<!-- \/ Yoast SEO plugin. -->","yoast_head_json":{"title":"Aktuelles -","robots":{"index":"index","follow":"follow","max-snippet":"max-snippet:-1","max-image-preview":"max-image-preview:large","max-video-preview":"max-video-preview:-1"},"canonical":"https:\/\/lhb-immobilien.ch\/index.php\/aktuelles\/","og_locale":"de_DE","og_type":"article","og_title":"Aktuelles -","og_description":"*Reserviert* In Kooperation mit Hausconcept AG: Verkauf 2 Doppeleinfamilienh\u00e4user in Zeglingen BL In Kooperation mit Atmoshaus AG: Verkauf Einfamilienhaus in Niederdorf BL In Kooperation mit Atmoshaus AG: Verkauf\u00a0 Einfamilienh\u00e4user in Dagmersellen-Uffikon LU In K\u00fcrze: Einfamilienh\u00e4user in Lupsingen BL","og_url":"https:\/\/lhb-immobilien.ch\/index.php\/aktuelles\/","article_modified_time":"2026-03-09T08:35:14+00:00","og_image":[{"width":923,"height":513,"url":"https:\/\/lhb-immobilien.ch\/wp-content\/uploads\/2025\/05\/Screen-Shot-2025-05-17-at-07.06.53.jpg","type":"image\/jpeg"}],"twitter_card":"summary_large_image","twitter_misc":{"Gesch\u00e4tzte Lesezeit":"2\u00a0Minuten"},"schema":{"@context":"https:\/\/schema.org","@graph":[{"@type":"WebPage","@id":"https:\/\/lhb-immobilien.ch\/index.php\/aktuelles\/","url":"https:\/\/lhb-immobilien.ch\/index.php\/aktuelles\/","name":"Aktuelles -","isPartOf":{"@id":"https:\/\/lhb-immobilien.ch\/#website"},"primaryImageOfPage":{"@id":"https:\/\/lhb-immobilien.ch\/index.php\/aktuelles\/#primaryimage"},"image":{"@id":"https:\/\/lhb-immobilien.ch\/index.php\/aktuelles\/#primaryimage"},"thumbnailUrl":"https:\/\/lhb-immobilien.ch\/wp-content\/uploads\/2025\/05\/Screen-Shot-2025-05-17-at-07.06.53.jpg","datePublished":"2022-04-05T12:02:35+00:00","dateModified":"2026-03-09T08:35:14+00:00","breadcrumb":{"@id":"https:\/\/lhb-immobilien.ch\/index.php\/aktuelles\/#breadcrumb"},"inLanguage":"de-CH","potentialAction":[{"@type":"ReadAction","target":["https:\/\/lhb-immobilien.ch\/index.php\/aktuelles\/"]}]},{"@type":"ImageObject","inLanguage":"de-CH","@id":"https:\/\/lhb-immobilien.ch\/index.php\/aktuelles\/#primaryimage","url":"https:\/\/lhb-immobilien.ch\/wp-content\/uploads\/2025\/05\/Screen-Shot-2025-05-17-at-07.06.53.jpg","contentUrl":"https:\/\/lhb-immobilien.ch\/wp-content\/uploads\/2025\/05\/Screen-Shot-2025-05-17-at-07.06.53.jpg","width":923,"height":513},{"@type":"BreadcrumbList","@id":"https:\/\/lhb-immobilien.ch\/index.php\/aktuelles\/#breadcrumb","itemListElement":[{"@type":"ListItem","position":1,"name":"Home","item":"https:\/\/lhb-immobilien.ch\/"},{"@type":"ListItem","position":2,"name":"Aktuelles"}]},{"@type":"WebSite","@id":"https:\/\/lhb-immobilien.ch\/#website","url":"https:\/\/lhb-immobilien.ch\/","name":"","description":"","potentialAction":[{"@type":"SearchAction","target":{"@type":"EntryPoint","urlTemplate":"https:\/\/lhb-immobilien.ch\/?s={search_term_string}"},"query-input":{"@type":"PropertyValueSpecification","valueRequired":true,"valueName":"search_term_string"}}],"inLanguage":"de-CH"}]}},"_links":{"self":[{"href":"https:\/\/lhb-immobilien.ch\/index.php\/wp-json\/wp\/v2\/pages\/47","targetHints":{"allow":["GET"]}}],"collection":[{"href":"https:\/\/lhb-immobilien.ch\/index.php\/wp-json\/wp\/v2\/pages"}],"about":[{"href":"https:\/\/lhb-immobilien.ch\/index.php\/wp-json\/wp\/v2\/types\/page"}],"author":[{"embeddable":true,"href":"https:\/\/lhb-immobilien.ch\/index.php\/wp-json\/wp\/v2\/users\/1"}],"replies":[{"embeddable":true,"href":"https:\/\/lhb-immobilien.ch\/index.php\/wp-json\/wp\/v2\/comments?post=47"}],"version-history":[{"count":253,"href":"https:\/\/lhb-immobilien.ch\/index.php\/wp-json\/wp\/v2\/pages\/47\/revisions"}],"predecessor-version":[{"id":1150,"href":"https:\/\/lhb-immobilien.ch\/index.php\/wp-json\/wp\/v2\/pages\/47\/revisions\/1150"}],"wp:attachment":[{"href":"https:\/\/lhb-immobilien.ch\/index.php\/wp-json\/wp\/v2\/media?parent=47"}],"curies":[{"name":"wp","href":"https:\/\/api.w.org\/{rel}","templated":true}]}}